{"id":3732,"date":"2024-05-21T23:29:56","date_gmt":"2024-05-21T23:29:56","guid":{"rendered":"https:\/\/powderblue-hamster-289484.hostingersite.com\/?page_id=3732"},"modified":"2025-08-13T09:44:14","modified_gmt":"2025-08-13T09:44:14","slug":"a-nossa-equipa","status":"publish","type":"page","link":"https:\/\/extravalue.pt\/en\/a-nossa-equipa\/","title":{"rendered":"Trust, Experience, and Vision \u2013 The Extra Value Team"},"content":{"rendered":"<div class=\"wpb-content-wrapper\"><div id='sec3' class='monolit_sec monolit_page_sec content'>\r\n\r\n \r\n\r\n    <section>\r\n            <div class=\"container\">\r\n                <div class=\"row\">\r\n                <div class=\"wpb_column vc_column_container vc_col-sm-12\"><div class=\"vc_column-inner\"><div class=\"wpb_wrapper\"><div class=\"vc_row wpb_row vc_inner vc_row-fluid\"><div class=\"wpb_column vc_column_container vc_col-sm-6 vc_col-md-4\"><div class=\"vc_column-inner\"><div class=\"wpb_wrapper\"><div class=\"team-box-holder\">\r\n\r\n    <div class=\"team-box\" \r\n        data-top-bottom=\"transform: translateY(-50px);\" data-bottom-top=\"transform: translateY(50px);\"\r\n        >\r\n        <div class=\"team-photo\">\r\n            <div class=\"overlay\"><\/div>\r\n                    <img loading=\"lazy\" decoding=\"async\" width=\"2000\" height=\"2500\" src=\"https:\/\/extravalue.pt\/wp-content\/uploads\/2025\/06\/carmen.webp\" class=\"respimg\" alt=\"\" srcset=\"https:\/\/extravalue.pt\/wp-content\/uploads\/2025\/06\/carmen.webp 2000w, https:\/\/extravalue.pt\/wp-content\/uploads\/2025\/06\/carmen-240x300.webp 240w, https:\/\/extravalue.pt\/wp-content\/uploads\/2025\/06\/carmen-819x1024.webp 819w, https:\/\/extravalue.pt\/wp-content\/uploads\/2025\/06\/carmen-768x960.webp 768w, https:\/\/extravalue.pt\/wp-content\/uploads\/2025\/06\/carmen-1229x1536.webp 1229w, https:\/\/extravalue.pt\/wp-content\/uploads\/2025\/06\/carmen-1638x2048.webp 1638w, https:\/\/extravalue.pt\/wp-content\/uploads\/2025\/06\/carmen-10x12.webp 10w\" sizes=\"auto, (max-width: 2000px) 100vw, 2000px\" \/>                        \r\n        <\/div>\r\n        <div class=\"team-info\">\r\n            <h3>Carmen Vinagreiro<\/h3>\n<h4>Chief Financial Officer and Human Resources<\/h4>\n        <\/div>\r\n    <\/div>\r\n    \r\n<\/div><\/div><\/div><\/div><div class=\"wpb_column vc_column_container vc_col-sm-6 vc_col-md-4\"><div class=\"vc_column-inner\"><div class=\"wpb_wrapper\"><div class=\"team-box-holder\">\r\n\r\n    <div class=\"team-box\" \r\n        data-top-bottom=\"transform: translateY(100px);\" data-bottom-top=\"transform: translateY(-100px);\"\r\n        >\r\n        <div class=\"team-photo\">\r\n            <div class=\"overlay\"><\/div>\r\n                    <img loading=\"lazy\" decoding=\"async\" width=\"2000\" height=\"2500\" src=\"https:\/\/extravalue.pt\/wp-content\/uploads\/2025\/06\/paulo.webp\" class=\"respimg\" alt=\"\" srcset=\"https:\/\/extravalue.pt\/wp-content\/uploads\/2025\/06\/paulo.webp 2000w, https:\/\/extravalue.pt\/wp-content\/uploads\/2025\/06\/paulo-240x300.webp 240w, https:\/\/extravalue.pt\/wp-content\/uploads\/2025\/06\/paulo-819x1024.webp 819w, https:\/\/extravalue.pt\/wp-content\/uploads\/2025\/06\/paulo-768x960.webp 768w, https:\/\/extravalue.pt\/wp-content\/uploads\/2025\/06\/paulo-1229x1536.webp 1229w, https:\/\/extravalue.pt\/wp-content\/uploads\/2025\/06\/paulo-1638x2048.webp 1638w, https:\/\/extravalue.pt\/wp-content\/uploads\/2025\/06\/paulo-10x12.webp 10w\" sizes=\"auto, (max-width: 2000px) 100vw, 2000px\" \/>                        \r\n        <\/div>\r\n        <div class=\"team-info\">\r\n            <h3>Eng. Paulo Renato<\/h3>\n<h4>Project Director<\/h4>\n        <\/div>\r\n    <\/div>\r\n    \r\n<\/div><\/div><\/div><\/div><div class=\"wpb_column vc_column_container vc_col-sm-6 vc_col-md-4\"><div class=\"vc_column-inner\"><div class=\"wpb_wrapper\"><div class=\"team-box-holder\">\r\n\r\n    <div class=\"team-box\" \r\n        data-top-bottom=\"transform: translateY(-50px);\" data-bottom-top=\"transform: translateY(50px);\"\r\n        >\r\n        <div class=\"team-photo\">\r\n            <div class=\"overlay\"><\/div>\r\n                    <img loading=\"lazy\" decoding=\"async\" width=\"2000\" height=\"2500\" src=\"https:\/\/extravalue.pt\/wp-content\/uploads\/2025\/06\/Arquiteto.webp\" class=\"respimg\" alt=\"\" srcset=\"https:\/\/extravalue.pt\/wp-content\/uploads\/2025\/06\/Arquiteto.webp 2000w, https:\/\/extravalue.pt\/wp-content\/uploads\/2025\/06\/Arquiteto-240x300.webp 240w, https:\/\/extravalue.pt\/wp-content\/uploads\/2025\/06\/Arquiteto-819x1024.webp 819w, https:\/\/extravalue.pt\/wp-content\/uploads\/2025\/06\/Arquiteto-768x960.webp 768w, https:\/\/extravalue.pt\/wp-content\/uploads\/2025\/06\/Arquiteto-1229x1536.webp 1229w, https:\/\/extravalue.pt\/wp-content\/uploads\/2025\/06\/Arquiteto-1638x2048.webp 1638w, https:\/\/extravalue.pt\/wp-content\/uploads\/2025\/06\/Arquiteto-10x12.webp 10w\" sizes=\"auto, (max-width: 2000px) 100vw, 2000px\" \/>                        \r\n        <\/div>\r\n        <div class=\"team-info\">\r\n            <h3>Vasco Ferreira<\/h3>\n<h4>Architect<\/h4>\n        <\/div>\r\n    <\/div>\r\n    \r\n<\/div><\/div><\/div><\/div><div class=\"wpb_column vc_column_container vc_col-sm-6 vc_col-md-4\"><div class=\"vc_column-inner\"><div class=\"wpb_wrapper\"><div class=\"team-box-holder\">\r\n\r\n    <div class=\"team-box\" \r\n        data-top-bottom=\"transform: translateY(50px);\" data-bottom-top=\"transform: translateY(-50px);\"\r\n        >\r\n        <div class=\"team-photo\">\r\n            <div class=\"overlay\"><\/div>\r\n                    <img loading=\"lazy\" decoding=\"async\" width=\"2000\" height=\"2500\" src=\"https:\/\/extravalue.pt\/wp-content\/uploads\/2025\/06\/ana-luis.webp\" class=\"respimg\" alt=\"\" srcset=\"https:\/\/extravalue.pt\/wp-content\/uploads\/2025\/06\/ana-luis.webp 2000w, https:\/\/extravalue.pt\/wp-content\/uploads\/2025\/06\/ana-luis-240x300.webp 240w, https:\/\/extravalue.pt\/wp-content\/uploads\/2025\/06\/ana-luis-819x1024.webp 819w, https:\/\/extravalue.pt\/wp-content\/uploads\/2025\/06\/ana-luis-768x960.webp 768w, https:\/\/extravalue.pt\/wp-content\/uploads\/2025\/06\/ana-luis-1229x1536.webp 1229w, https:\/\/extravalue.pt\/wp-content\/uploads\/2025\/06\/ana-luis-1638x2048.webp 1638w, https:\/\/extravalue.pt\/wp-content\/uploads\/2025\/06\/ana-luis-10x12.webp 10w\" sizes=\"auto, (max-width: 2000px) 100vw, 2000px\" \/>                        \r\n        <\/div>\r\n        <div class=\"team-info\">\r\n            <h3>Ana Lu\u00eds<\/h3>\n<h4>Process and Marketing Director<\/h4>\n        <\/div>\r\n    <\/div>\r\n    \r\n<\/div><\/div><\/div><\/div><div class=\"wpb_column vc_column_container vc_col-sm-6 vc_col-md-4\"><div class=\"vc_column-inner\"><div class=\"wpb_wrapper\"><div class=\"team-box-holder\">\r\n\r\n    <div class=\"team-box\" \r\n        data-top-bottom=\"transform: translateY(-100px);\" data-bottom-top=\"transform: translateY(100px);\"\r\n        >\r\n        <div class=\"team-photo\">\r\n            <div class=\"overlay\"><\/div>\r\n                    <img loading=\"lazy\" decoding=\"async\" width=\"2000\" height=\"2500\" src=\"https:\/\/extravalue.pt\/wp-content\/uploads\/2025\/06\/Miguel.webp\" class=\"respimg\" alt=\"\" srcset=\"https:\/\/extravalue.pt\/wp-content\/uploads\/2025\/06\/Miguel.webp 2000w, https:\/\/extravalue.pt\/wp-content\/uploads\/2025\/06\/Miguel-240x300.webp 240w, https:\/\/extravalue.pt\/wp-content\/uploads\/2025\/06\/Miguel-819x1024.webp 819w, https:\/\/extravalue.pt\/wp-content\/uploads\/2025\/06\/Miguel-768x960.webp 768w, https:\/\/extravalue.pt\/wp-content\/uploads\/2025\/06\/Miguel-1229x1536.webp 1229w, https:\/\/extravalue.pt\/wp-content\/uploads\/2025\/06\/Miguel-1638x2048.webp 1638w, https:\/\/extravalue.pt\/wp-content\/uploads\/2025\/06\/Miguel-10x12.webp 10w\" sizes=\"auto, (max-width: 2000px) 100vw, 2000px\" \/>                        \r\n        <\/div>\r\n        <div class=\"team-info\">\r\n            <h3>Miguel Vieira<\/h3>\n<h4>Real Estate Agent<\/h4>\n        <\/div>\r\n    <\/div>\r\n    \r\n<\/div><\/div><\/div><\/div><div class=\"wpb_column vc_column_container vc_col-sm-6 vc_col-md-4\"><div class=\"vc_column-inner\"><div class=\"wpb_wrapper\"><div class=\"team-box-holder\">\r\n\r\n    <div class=\"team-box\" \r\n        data-top-bottom=\"transform: translateY(50px);\" data-bottom-top=\"transform: translateY(-50px);\"\r\n        >\r\n        <div class=\"team-photo\">\r\n            <div class=\"overlay\"><\/div>\r\n                    <img loading=\"lazy\" decoding=\"async\" width=\"2000\" height=\"2500\" src=\"https:\/\/extravalue.pt\/wp-content\/uploads\/2025\/06\/silvia.webp\" class=\"respimg\" alt=\"\" srcset=\"https:\/\/extravalue.pt\/wp-content\/uploads\/2025\/06\/silvia.webp 2000w, https:\/\/extravalue.pt\/wp-content\/uploads\/2025\/06\/silvia-240x300.webp 240w, https:\/\/extravalue.pt\/wp-content\/uploads\/2025\/06\/silvia-819x1024.webp 819w, https:\/\/extravalue.pt\/wp-content\/uploads\/2025\/06\/silvia-768x960.webp 768w, https:\/\/extravalue.pt\/wp-content\/uploads\/2025\/06\/silvia-1229x1536.webp 1229w, https:\/\/extravalue.pt\/wp-content\/uploads\/2025\/06\/silvia-1638x2048.webp 1638w, https:\/\/extravalue.pt\/wp-content\/uploads\/2025\/06\/silvia-10x12.webp 10w\" sizes=\"auto, (max-width: 2000px) 100vw, 2000px\" \/>                        \r\n        <\/div>\r\n        <div class=\"team-info\">\r\n            <h3>Silvia Bevilaqua<\/h3>\n<h4>Real Estate Agent<\/h4>\n        <\/div>\r\n    <\/div>\r\n    \r\n<\/div><\/div><\/div><\/div><\/div><div class=\"vc_row wpb_row vc_inner vc_row-fluid\"><div class=\"wpb_column vc_column_container vc_col-sm-6 vc_col-md-4\"><div class=\"vc_column-inner\"><div class=\"wpb_wrapper\"><div class=\"team-box-holder\">\r\n\r\n    <div class=\"team-box\" \r\n        data-top-bottom=\"transform: translateY(-50px);\" data-bottom-top=\"transform: translateY(50px);\"\r\n        >\r\n        <div class=\"team-photo\">\r\n            <div class=\"overlay\"><\/div>\r\n                    <img loading=\"lazy\" decoding=\"async\" width=\"2000\" height=\"2500\" src=\"https:\/\/extravalue.pt\/wp-content\/uploads\/2025\/06\/consultor.webp\" class=\"respimg\" alt=\"\" srcset=\"https:\/\/extravalue.pt\/wp-content\/uploads\/2025\/06\/consultor.webp 2000w, https:\/\/extravalue.pt\/wp-content\/uploads\/2025\/06\/consultor-240x300.webp 240w, https:\/\/extravalue.pt\/wp-content\/uploads\/2025\/06\/consultor-819x1024.webp 819w, https:\/\/extravalue.pt\/wp-content\/uploads\/2025\/06\/consultor-768x960.webp 768w, https:\/\/extravalue.pt\/wp-content\/uploads\/2025\/06\/consultor-1229x1536.webp 1229w, https:\/\/extravalue.pt\/wp-content\/uploads\/2025\/06\/consultor-1638x2048.webp 1638w, https:\/\/extravalue.pt\/wp-content\/uploads\/2025\/06\/consultor-10x12.webp 10w\" sizes=\"auto, (max-width: 2000px) 100vw, 2000px\" \/>                        \r\n        <\/div>\r\n        <div class=\"team-info\">\r\n            <h3>Pedro Soares<\/h3>\n<h4>Real Estate Agent<\/h4>\n        <\/div>\r\n    <\/div>\r\n    \r\n<\/div><\/div><\/div><\/div><div class=\"wpb_column vc_column_container vc_col-sm-6 vc_col-md-4\"><div class=\"vc_column-inner\"><div class=\"wpb_wrapper\"><div class=\"team-box-holder\">\r\n\r\n    <div class=\"team-box\" \r\n        data-top-bottom=\"transform: translateY(100px);\" data-bottom-top=\"transform: translateY(-100px);\"\r\n        >\r\n        <div class=\"team-photo\">\r\n            <div class=\"overlay\"><\/div>\r\n                    <ul class=\"team-social\">\r\n               \r\n                <li><a href=\"\" target=\"\">\r\n                                                                    <\/a><\/li>\r\n                        <\/ul>\r\n                    <img loading=\"lazy\" decoding=\"async\" width=\"2000\" height=\"2500\" src=\"https:\/\/extravalue.pt\/wp-content\/uploads\/2025\/08\/consultora.webp\" class=\"respimg\" alt=\"\" srcset=\"https:\/\/extravalue.pt\/wp-content\/uploads\/2025\/08\/consultora.webp 2000w, https:\/\/extravalue.pt\/wp-content\/uploads\/2025\/08\/consultora-240x300.webp 240w, https:\/\/extravalue.pt\/wp-content\/uploads\/2025\/08\/consultora-819x1024.webp 819w, https:\/\/extravalue.pt\/wp-content\/uploads\/2025\/08\/consultora-768x960.webp 768w, https:\/\/extravalue.pt\/wp-content\/uploads\/2025\/08\/consultora-1229x1536.webp 1229w, https:\/\/extravalue.pt\/wp-content\/uploads\/2025\/08\/consultora-1638x2048.webp 1638w, https:\/\/extravalue.pt\/wp-content\/uploads\/2025\/08\/consultora-10x12.webp 10w\" sizes=\"auto, (max-width: 2000px) 100vw, 2000px\" \/>                        \r\n        <\/div>\r\n        <div class=\"team-info\">\r\n            <h3>Cristina Breda Rodrigues<\/h3>\n<h4>Real Estate Agent<\/h4>\n        <\/div>\r\n    <\/div>\r\n    \r\n<\/div><\/div><\/div><\/div><div class=\"wpb_column vc_column_container vc_col-sm-6 vc_col-md-4\"><div class=\"vc_column-inner\"><div class=\"wpb_wrapper\"><\/div><\/div><\/div><div class=\"wpb_column vc_column_container vc_col-sm-6 vc_col-md-4\"><div class=\"vc_column-inner\"><div class=\"wpb_wrapper\"><\/div><\/div><\/div><div class=\"wpb_column vc_column_container vc_col-sm-6 vc_col-md-4\"><div class=\"vc_column-inner\"><div class=\"wpb_wrapper\"><\/div><\/div><\/div><div class=\"wpb_column vc_column_container vc_col-sm-6 vc_col-md-4\"><div class=\"vc_column-inner\"><div class=\"wpb_wrapper\"><\/div><\/div><\/div><\/div><\/div><\/div><\/div>            <\/div>\r\n        <\/div>\r\n    <\/section>\r\n<\/div>\r\n\r\n\n<\/div>","protected":false},"excerpt":{"rendered":"Carmen Vinagreiro Diretora Financeira e Recursos Humanos Eng. Paulo Renato Diretor de Projeto Vasco Ferreira Arquiteto Ana Lu\u00eds Diretora Processual e Marketing Miguel Vieira Consultor Imobili\u00e1rio Silvia Bevilaqua Consultora Imobili\u00e1ria Pedro Soares Consultor Imobili\u00e1rio Cristina Breda Rodrigues Consultora Imobili\u00e1ria","protected":false},"author":1,"featured_media":0,"parent":0,"menu_order":0,"comment_status":"closed","ping_status":"closed","template":"","meta":{"inline_featured_image":false,"_monsterinsights_skip_tracking":false,"_monsterinsights_sitenote_active":false,"_monsterinsights_sitenote_note":"","_monsterinsights_sitenote_category":0,"footnotes":""},"class_list":["post-3732","page","type-page","status-publish","hentry"],"aioseo_notices":[],"_hostinger_reach_plugin_has_subscription_block":false,"_hostinger_reach_plugin_is_elementor":false,"_links":{"self":[{"href":"https:\/\/extravalue.pt\/en\/wp-json\/wp\/v2\/pages\/3732","targetHints":{"allow":["GET"]}}],"collection":[{"href":"https:\/\/extravalue.pt\/en\/wp-json\/wp\/v2\/pages"}],"about":[{"href":"https:\/\/extravalue.pt\/en\/wp-json\/wp\/v2\/types\/page"}],"author":[{"embeddable":true,"href":"https:\/\/extravalue.pt\/en\/wp-json\/wp\/v2\/users\/1"}],"replies":[{"embeddable":true,"href":"https:\/\/extravalue.pt\/en\/wp-json\/wp\/v2\/comments?post=3732"}],"version-history":[{"count":24,"href":"https:\/\/extravalue.pt\/en\/wp-json\/wp\/v2\/pages\/3732\/revisions"}],"predecessor-version":[{"id":4806,"href":"https:\/\/extravalue.pt\/en\/wp-json\/wp\/v2\/pages\/3732\/revisions\/4806"}],"wp:attachment":[{"href":"https:\/\/extravalue.pt\/en\/wp-json\/wp\/v2\/media?parent=3732"}],"curies":[{"name":"wp","href":"https:\/\/api.w.org\/{rel}","templated":true}]}}