{"id":75,"date":"2016-02-19T16:17:17","date_gmt":"2016-02-19T16:17:17","guid":{"rendered":"http:\/\/149.28.205.167\/wps\/monolit\/?page_id=75"},"modified":"2025-06-11T17:52:09","modified_gmt":"2025-06-11T17:52:09","slug":"sobre","status":"publish","type":"page","link":"https:\/\/extravalue.pt\/en\/sobre\/","title":{"rendered":"About <strong>Extra Value<\/strong>"},"content":{"rendered":"<div class=\"wpb-content-wrapper\"><div id='sec1' class='monolit_sec monolit_page_sec content'>\r\n\r\n \r\n\r\n    <section>\r\n    <!-- section number   -->\r\n    <div class=\"sect-subtitle right-align-dec\" data-top-bottom=\"transform: translateY(200px);\" data-bottom-top=\"transform: translateY(-200px);\">\r\n    <span>01<\/span><\/div>\r\n    <!-- section number  end  -->\r\n                <div class=\"container\">\r\n                <div class=\"row\">\r\n                <div class=\"wpb_column vc_column_container vc_col-sm-6 vc_col-md-8\"><div class=\"vc_column-inner\"><div class=\"wpb_wrapper\">\n\t<div class=\"wpb_text_column wpb_content_element\" >\n\t\t<div class=\"wpb_wrapper\">\n\t\t\t<h2 class=\"section-title\">About <strong>Extra Value<\/strong><\/h2>\n<p class=\"p1\">Extra Value \u2013 Project Management enters the market to provide dedicated and specialized consultancy in real estate business management.<\/p>\n<p class=\"p2\">We dedicate our know-how to finding, developing, managing and marketing property projects. Each stage is meticulously planned and executed with the highest quality and professionalism. We work mainly in the areas of housing, logistics, commerce, hotels, health and senior living.<\/p>\n<div class=\"process-box\">\n<h3>Want to know more<\/h3>\n<ul class=\"creat-list\">\n<li><a href=\"https:\/\/powderblue-hamster-289484.hostingersite.com\/potencializacaoeanalise\/\">Services<\/a><\/li>\n<li><a href=\"https:\/\/powderblue-hamster-289484.hostingersite.com\/contact\/\">Contacts<\/a><\/li>\n<\/ul>\n<\/div>\n\n\t\t<\/div>\n\t<\/div>\n<div class=\"parallax-box   r-center\" data-top-bottom=\"transform: translateY(-150px);\" data-bottom-top=\"transform: translateY(150px);\">\r\n    <p><img loading=\"lazy\" decoding=\"async\" class=\"alignnone wp-image-4785 size-large\" src=\"https:\/\/powderblue-hamster-289484.hostingersite.com\/wp-content\/uploads\/2025\/06\/87-1024x683.jpg\" alt=\"\" width=\"1024\" height=\"683\" srcset=\"https:\/\/extravalue.pt\/wp-content\/uploads\/2025\/06\/87-1024x683.jpg 1024w, https:\/\/extravalue.pt\/wp-content\/uploads\/2025\/06\/87-300x200.jpg 300w, https:\/\/extravalue.pt\/wp-content\/uploads\/2025\/06\/87-768x512.jpg 768w, https:\/\/extravalue.pt\/wp-content\/uploads\/2025\/06\/87-1536x1024.jpg 1536w, https:\/\/extravalue.pt\/wp-content\/uploads\/2025\/06\/87-2048x1365.jpg 2048w, https:\/\/extravalue.pt\/wp-content\/uploads\/2025\/06\/87-18x12.jpg 18w\" sizes=\"auto, (max-width: 1024px) 100vw, 1024px\" \/><\/p>\n<\/div><\/div><\/div><\/div><div class=\"wpb_column vc_column_container vc_col-sm-6\"><div class=\"vc_column-inner\"><div class=\"wpb_wrapper\"><\/div><\/div><\/div>            <\/div>\r\n        <\/div>\r\n    <\/section>\r\n<\/div>\r\n\r\n<div id='sec2' class='monolit_sec monolit_page_sec content dark-bg'>\r\n\r\n    <!-- parallax image  -->                        \r\n    <div class=\"parallax-inner\">\r\n        <div class=\"bg\" data-bg=\"https:\/\/extravalue.pt\/wp-content\/uploads\/2025\/06\/85-1-scaled.jpg\" data-top-bottom=\"transform: translateY(300px);\" data-bottom-top=\"transform: translateY(-300px);\"><\/div>\r\n        <div class=\"overlay\" style=\"opacity:0.8;\"><\/div>\r\n    <\/div>\r\n    <!-- parallax image  end -->  \r\n \r\n\r\n    <section>\r\n    <!-- section number   -->\r\n    <div class=\"sect-subtitle right-align-dec\" data-top-bottom=\"transform: translateY(200px);\" data-bottom-top=\"transform: translateY(-200px);\">\r\n    <span>02<\/span><\/div>\r\n    <!-- section number  end  -->\r\n                <div class=\"container\">\r\n                <div class=\"row\">\r\n                <div class=\"wpb_column vc_column_container vc_col-sm-12\"><div class=\"vc_column-inner\"><div class=\"wpb_wrapper\"><div class=\"vc_row wpb_row vc_inner vc_row-fluid\"><div class=\"wpb_column vc_column_container vc_col-sm-12 vc_col-md-4\"><div class=\"vc_column-inner\"><div class=\"wpb_wrapper\">\n\t<div class=\"wpb_text_column wpb_content_element\" >\n\t\t<div class=\"wpb_wrapper\">\n\t\t\t<h2 class=\"section-title\">Our<strong> Mission<\/strong><\/h2>\n\n\t\t<\/div>\n\t<\/div>\n<\/div><\/div><\/div><div class=\"wpb_column vc_column_container vc_col-sm-12 vc_col-md-8\"><div class=\"vc_column-inner\"><div class=\"wpb_wrapper\">\n\t<div class=\"wpb_text_column wpb_content_element\" >\n\t\t<div class=\"wpb_wrapper\">\n\t\t\t<p class=\"p1\">Extra Value - Project Management's mission is to lead the way in the property project management sector, guaranteeing excellence and innovation. We are committed to a competitive market share, maintaining values of transparency, trust and sustainability. We value the satisfaction of employees, clients and partners, fostering long-lasting relationships. We act with efficiency and commitment, standing out in the national and international markets.<\/p>\n\n\t\t<\/div>\n\t<\/div>\n<\/div><\/div><\/div><\/div><div class=\"vc_row wpb_row vc_inner vc_row-fluid\"><div class=\"wpb_column vc_column_container vc_col-sm-12 vc_col-md-4\"><div class=\"vc_column-inner\"><div class=\"wpb_wrapper\"><\/div><\/div><\/div><div class=\"wpb_column vc_column_container vc_col-sm-12 vc_col-md-8\"><div class=\"vc_column-inner\"><div class=\"wpb_wrapper\"><!-- piecharts  -->\r\n<div class=\"piechart-holder animaper\" data-skcolor=\"rgba(255,255,255,0.31)\" data-pies=\"150\" data-pielw=\"30\">\r\n    <div class=\"row\">\r\n       \r\n        <div class=\"piechart col-md-4\" \r\n\t\t\t\t\tdata-top-bottom=\"transform: translateY(0px);\" data-bottom-top=\"transform: translateY(0px);\"\r\n\t\t        >\r\n            <span class=\"chart\" data-percent=\"85\">\r\n            <span class=\"percent\"><\/span><span class=\"pie_unit\"><span>%<\/span><\/span>\r\n            <\/span>\r\n            <div class=\"clearfix\"><\/div>\r\n                    <div class=\"skills-description\">\r\n                <h4>Sourcing and management<\/h4>            <\/div>\r\n                <\/div><!-- \/\/piechart  -->\t\t\r\n       \r\n        <div class=\"piechart col-md-4\" \r\n\t\t\t\t\tdata-top-bottom=\"transform: translateY(80px);\" data-bottom-top=\"transform: translateY(-80px);\"\r\n\t\t        >\r\n            <span class=\"chart\" data-percent=\"95\">\r\n            <span class=\"percent\"><\/span><span class=\"pie_unit\"><span>%<\/span><\/span>\r\n            <\/span>\r\n            <div class=\"clearfix\"><\/div>\r\n                    <div class=\"skills-description\">\r\n                <h4>Architecture and Engineering<\/h4>            <\/div>\r\n                <\/div><!-- \/\/piechart  -->\t\t\r\n       \r\n        <div class=\"piechart col-md-4\" \r\n\t\t\t\t\tdata-top-bottom=\"transform: translateY(100px);\" data-bottom-top=\"transform: translateY(-100px);\"\r\n\t\t        >\r\n            <span class=\"chart\" data-percent=\"80\">\r\n            <span class=\"percent\"><\/span><span class=\"pie_unit\"><span>%<\/span><\/span>\r\n            <\/span>\r\n            <div class=\"clearfix\"><\/div>\r\n                    <div class=\"skills-description\">\r\n                <h4>COMMERCIALIZATION<\/h4>            <\/div>\r\n                <\/div><!-- \/\/piechart  -->\t\t\r\n            \t\t\t\t\t\t\t\t\t\t\t\t\t\t\r\n    <\/div>\r\n<\/div>\r\n<!-- piecharts  end--><\/div><\/div><\/div><\/div><\/div><\/div><\/div>            <\/div>\r\n        <\/div>\r\n    <\/section>\r\n<\/div>\r\n\r\n<div id='sec3' class='monolit_sec monolit_page_sec content'>\r\n\r\n \r\n\r\n    <section>\r\n    <!-- section number   -->\r\n    <div class=\"sect-subtitle right-align-dec\" data-top-bottom=\"transform: translateY(200px);\" data-bottom-top=\"transform: translateY(-200px);\">\r\n    <span>03<\/span><\/div>\r\n    <!-- section number  end  -->\r\n                <div class=\"container\">\r\n                <div class=\"row\">\r\n                <div class=\"wpb_column vc_column_container vc_col-sm-12\"><div class=\"vc_column-inner\"><div class=\"wpb_wrapper\">\n\t<div class=\"wpb_text_column wpb_content_element\" >\n\t\t<div class=\"wpb_wrapper\">\n\t\t\t<h2 class=\"section-title dec-title\"><span class=\"no-rep\">Our<strong> Vision<\/strong><\/span><\/h2>\n<p class=\"p1\">At Extra Value - Project Management we specialise in real estate management, dedicated to providing personalised advice at all stages of projects. We believe in the power of innovation and commitment to achieve excellence.<\/p>\n\n\t\t<\/div>\n\t<\/div>\n<\/div><\/div><\/div>            <\/div>\r\n        <\/div>\r\n    <\/section>\r\n<\/div>\n<\/div>","protected":false},"excerpt":{"rendered":"01 Sobre a Extra Value A Extra Value \u2013 Project Management, surge no mercado para dar assessoria dedicada e especializada na gest\u00e3o de neg\u00f3cios imobili\u00e1rios. Dedicamos o nosso Know-how na angaria\u00e7\u00e3o, desenvolvimento, gest\u00e3o e comercializa\u00e7\u00e3o de projetos imobili\u00e1rios. Cada etapa, \u00e9 por n\u00f3s, meticulosamente planeada e executada com a mais alta qualidade e profissionalismo. Trabalhamos [...]","protected":false},"author":1,"featured_media":0,"parent":0,"menu_order":0,"comment_status":"closed","ping_status":"closed","template":"page-fullwidth.php","meta":{"inline_featured_image":false,"_monsterinsights_skip_tracking":false,"_monsterinsights_sitenote_active":false,"_monsterinsights_sitenote_note":"","_monsterinsights_sitenote_category":0,"footnotes":""},"class_list":["post-75","page","type-page","status-publish","hentry"],"aioseo_notices":[],"_hostinger_reach_plugin_has_subscription_block":false,"_hostinger_reach_plugin_is_elementor":false,"_links":{"self":[{"href":"https:\/\/extravalue.pt\/en\/wp-json\/wp\/v2\/pages\/75","targetHints":{"allow":["GET"]}}],"collection":[{"href":"https:\/\/extravalue.pt\/en\/wp-json\/wp\/v2\/pages"}],"about":[{"href":"https:\/\/extravalue.pt\/en\/wp-json\/wp\/v2\/types\/page"}],"author":[{"embeddable":true,"href":"https:\/\/extravalue.pt\/en\/wp-json\/wp\/v2\/users\/1"}],"replies":[{"embeddable":true,"href":"https:\/\/extravalue.pt\/en\/wp-json\/wp\/v2\/comments?post=75"}],"version-history":[{"count":6,"href":"https:\/\/extravalue.pt\/en\/wp-json\/wp\/v2\/pages\/75\/revisions"}],"predecessor-version":[{"id":4788,"href":"https:\/\/extravalue.pt\/en\/wp-json\/wp\/v2\/pages\/75\/revisions\/4788"}],"wp:attachment":[{"href":"https:\/\/extravalue.pt\/en\/wp-json\/wp\/v2\/media?parent=75"}],"curies":[{"name":"wp","href":"https:\/\/api.w.org\/{rel}","templated":true}]}}